{"id":374,"date":"2023-05-23T14:43:21","date_gmt":"2023-05-23T14:43:21","guid":{"rendered":"https:\/\/acticade.eu\/?page_id=374"},"modified":"2026-01-30T21:08:57","modified_gmt":"2026-01-30T21:08:57","slug":"broneerimine","status":"publish","type":"page","link":"https:\/\/acticade.eu\/en\/broneerimine\/","title":{"rendered":"Booking"},"content":{"rendered":"\t\t<div data-elementor-type=\"wp-page\" data-elementor-id=\"374\" class=\"elementor elementor-374\" data-elementor-post-type=\"page\">\n\t\t\t\t\t\t<header class=\"elementor-section elementor-top-section elementor-element elementor-element-dd2a83 elementor-section-boxed elementor-section-height-default elementor-section-height-default exad-glass-effect-no exad-sticky-section-no\" data-id=\"dd2a83\" data-element_type=\"section\" data-e-type=\"section\" data-settings=\"{&quot;background_background&quot;:&quot;classic&quot;}\">\n\t\t\t\t\t\t\t<div class=\"elementor-background-overlay\"><\/div>\n\t\t\t\t\t\t\t<div class=\"elementor-container elementor-column-gap-default\">\n\t\t\t\t\t<div class=\"elementor-column elementor-col-100 elementor-top-column elementor-element elementor-element-5994a5df exad-glass-effect-no exad-sticky-section-no\" data-id=\"5994a5df\" data-element_type=\"column\" data-e-type=\"column\">\n\t\t\t<div class=\"elementor-widget-wrap elementor-element-populated\">\n\t\t\t\t\t\t<div class=\"elementor-element elementor-element-443f3f47 elementor-widget-mobile__width-initial exad-sticky-section-no exad-glass-effect-no elementor-widget elementor-widget-heading\" data-id=\"443f3f47\" data-element_type=\"widget\" data-e-type=\"widget\" data-widget_type=\"heading.default\">\n\t\t\t\t<div class=\"elementor-widget-container\">\n\t\t\t\t\t<h1 class=\"elementor-heading-title elementor-size-default\">Personaalne Pilatese kogemus: broneeri aeg Acticade'is<\/h1>\t\t\t\t<\/div>\n\t\t\t\t<\/div>\n\t\t\t\t<div class=\"elementor-element elementor-element-6640f11 exad-sticky-section-no exad-glass-effect-no elementor-widget elementor-widget-heading\" data-id=\"6640f11\" data-element_type=\"widget\" data-e-type=\"widget\" data-widget_type=\"heading.default\">\n\t\t\t\t<div class=\"elementor-widget-container\">\n\t\t\t\t\t<h2 class=\"elementor-heading-title elementor-size-default\">Broneeri oma tund ja astu samm t\u00e4isv\u00e4\u00e4rtuslikuma elu suunas<\/h2>\t\t\t\t<\/div>\n\t\t\t\t<\/div>\n\t\t\t\t<div class=\"elementor-element elementor-element-5ad7684 exad-sticky-section-no exad-glass-effect-no elementor-widget elementor-widget-heading\" data-id=\"5ad7684\" data-element_type=\"widget\" data-e-type=\"widget\" data-widget_type=\"heading.default\">\n\t\t\t\t<div class=\"elementor-widget-container\">\n\t\t\t\t\t<h3 class=\"elementor-heading-title elementor-size-default\">Tere tulemast Acticade'i, kus iga treening avab uksed parema elukvaliteedi poole. Investeeri oma t\u00e4isv\u00e4\u00e4rtusliku elu edendamisse, korrigeerides liikumismustreid personaalse Pilatese treeninguga, mis on sama ainulaadne kui sina ise.<\/h3>\t\t\t\t<\/div>\n\t\t\t\t<\/div>\n\t\t\t\t<div class=\"elementor-element elementor-element-011cbe9 exad-sticky-section-no exad-glass-effect-no elementor-widget elementor-widget-text-editor\" data-id=\"011cbe9\" data-element_type=\"widget\" data-e-type=\"widget\" data-widget_type=\"text-editor.default\">\n\t\t\t\t<div class=\"elementor-widget-container\">\n\t\t\t\t\t\t\t\t\t<p>Meie privaatses stuudios on kasutusel kvaliteetne <a href=\"https:\/\/www.pilates.com\/\" target=\"_blank\" rel=\"noopener\">Balanced Body<\/a> varustus, sealhulgas Reformer, Tower, Chair, Ladder Barrel ja mitmesugused v\u00e4ikevahendid <a href=\"https:\/\/sissel.com\/\" target=\"_blank\" rel=\"noopener\">Sisselilt<\/a> ja <a href=\"https:\/\/franklinmethod.com\/\" target=\"_blank\" rel=\"noopener\">Franklin meetodilt<\/a>, et t\u00e4iustada sinu treeningukogemust. Broneeri oma eksklusiivne aeg juba praegu ja alusta teekonda heaolu suunas. Sinu uus mina ootab kannatamatult!<\/p>\t\t\t\t\t\t\t\t<\/div>\n\t\t\t\t<\/div>\n\t\t\t\t\t<\/div>\n\t\t<\/div>\n\t\t\t\t\t<\/div>\n\t\t<\/header>\n\t\t\t\t<section class=\"elementor-section elementor-top-section elementor-element elementor-element-e5824ab elementor-section-boxed elementor-section-height-default elementor-section-height-default exad-glass-effect-no exad-sticky-section-no\" data-id=\"e5824ab\" data-element_type=\"section\" data-e-type=\"section\">\n\t\t\t\t\t\t<div class=\"elementor-container elementor-column-gap-default\">\n\t\t\t\t\t<div class=\"elementor-column elementor-col-100 elementor-top-column elementor-element elementor-element-77dae19 exad-glass-effect-no exad-sticky-section-no\" data-id=\"77dae19\" data-element_type=\"column\" data-e-type=\"column\">\n\t\t\t<div class=\"elementor-widget-wrap elementor-element-populated\">\n\t\t\t\t\t\t<div class=\"elementor-element elementor-element-35b139d exad-sticky-section-no exad-glass-effect-no elementor-widget elementor-widget-html\" data-id=\"35b139d\" data-element_type=\"widget\" data-e-type=\"widget\" data-widget_type=\"html.default\">\n\t\t\t\t<div class=\"elementor-widget-container\">\n\t\t\t\t\t<!-- Meta Pixel Code -->\r\n<script>\r\n!function(f,b,e,v,n,t,s)\r\n{if(f.fbq)return;n=f.fbq=function(){n.callMethod?\r\nn.callMethod.apply(n,arguments):n.queue.push(arguments)};\r\nif(!f._fbq)f._fbq=n;n.push=n;n.loaded=!0;n.version='2.0';\r\nn.queue=[];t=b.createElement(e);t.async=!0;\r\nt.src=v;s=b.getElementsByTagName(e)[0];\r\ns.parentNode.insertBefore(t,s)}(window, document,'script',\r\n'https:\/\/connect.facebook.net\/en_US\/fbevents.js');\r\nfbq('init', '7485254324899990');\r\nfbq('track', 'PageView');\r\n<\/script>\r\n<noscript><img height=\"1\" width=\"1\" style=\"display:none\"\r\nsrc=\"https:\/\/www.facebook.com\/tr?id=7485254324899990&ev=PageView&noscript=1\"\r\n\/><\/noscript>\r\n<!-- End Meta Pixel Code -->\t\t\t\t<\/div>\n\t\t\t\t<\/div>\n\t\t\t\t\t<\/div>\n\t\t<\/div>\n\t\t\t\t\t<\/div>\n\t\t<\/section>\n\t\t<div class=\"elementor-element elementor-element-728bf10 e-flex e-con-boxed e-con e-parent\" data-id=\"728bf10\" data-element_type=\"container\" data-e-type=\"container\">\n\t\t\t\t\t<div class=\"e-con-inner\">\n\t\t<div class=\"elementor-element elementor-element-3f76ffb e-con-full e-flex e-con e-child\" data-id=\"3f76ffb\" data-element_type=\"container\" data-e-type=\"container\">\n\t\t\t\t<div class=\"elementor-element elementor-element-d4fd4b3 exad-sticky-section-no exad-glass-effect-no elementor-widget elementor-widget-html\" data-id=\"d4fd4b3\" data-element_type=\"widget\" data-e-type=\"widget\" data-widget_type=\"html.default\">\n\t\t\t\t<div class=\"elementor-widget-container\">\n\t\t\t\t\t\n      <iframe\n      id=\"sutraWidgetIframe\"\n      src=\"https:\/\/app.arketa.co\/iframe\/acticade\/privates\/by-service?host=MfjmBXrvNAgcHkQjPHr8A3pO8BW2\"\n      width=\"100%\"\n      frameBorder=\"0\"\n      allow=\"payment\"\n      allowfullscreen><\/iframe>\n      <script src=\"https:\/\/app.arketa.co\/scripts\/embed.js\"><\/script>\n    \t\t\t\t<\/div>\n\t\t\t\t<\/div>\n\t\t\t\t<\/div>\n\t\t\t\t\t<\/div>\n\t\t\t\t<\/div>\n\t\t\t\t<section class=\"elementor-section elementor-top-section elementor-element elementor-element-74b54ff elementor-section-boxed elementor-section-height-default elementor-section-height-default exad-glass-effect-no exad-sticky-section-no\" data-id=\"74b54ff\" data-element_type=\"section\" data-e-type=\"section\">\n\t\t\t\t\t\t<div class=\"elementor-container elementor-column-gap-default\">\n\t\t\t\t\t<div class=\"elementor-column elementor-col-100 elementor-top-column elementor-element elementor-element-46eede4 exad-glass-effect-no exad-sticky-section-no\" data-id=\"46eede4\" data-element_type=\"column\" data-e-type=\"column\">\n\t\t\t<div class=\"elementor-widget-wrap elementor-element-populated\">\n\t\t\t\t\t\t<div class=\"elementor-element elementor-element-8d199d2 exad-sticky-section-no exad-glass-effect-no elementor-widget elementor-widget-text-editor\" data-id=\"8d199d2\" data-element_type=\"widget\" data-e-type=\"widget\" data-widget_type=\"text-editor.default\">\n\t\t\t\t<div class=\"elementor-widget-container\">\n\t\t\t\t\t\t\t\t\t<p>Kehtiv\u00a0<a href=\"https:\/\/acticade.eu\/et\/pilates-tallinnas-hinnakiri\/\" target=\"_blank\" rel=\"noopener\">hinnakiri<\/a>. K\u00fcsimuste korral kirjuta <a href=\"mailto:info@acticade.eu\">info@acticade.eu<\/a>.<\/p>\t\t\t\t\t\t\t\t<\/div>\n\t\t\t\t<\/div>\n\t\t\t\t\t<\/div>\n\t\t<\/div>\n\t\t\t\t\t<\/div>\n\t\t<\/section>\n\t\t\t\t<section class=\"elementor-section elementor-top-section elementor-element elementor-element-99a3dc4 elementor-hidden-desktop elementor-hidden-tablet elementor-hidden-mobile elementor-section-boxed elementor-section-height-default elementor-section-height-default exad-glass-effect-no exad-sticky-section-no\" data-id=\"99a3dc4\" data-element_type=\"section\" data-e-type=\"section\">\n\t\t\t\t\t\t<div class=\"elementor-container elementor-column-gap-default\">\n\t\t\t\t\t<div class=\"elementor-column elementor-col-100 elementor-top-column elementor-element elementor-element-1f4193a exad-glass-effect-no exad-sticky-section-no\" data-id=\"1f4193a\" data-element_type=\"column\" data-e-type=\"column\">\n\t\t\t<div class=\"elementor-widget-wrap elementor-element-populated\">\n\t\t\t\t\t\t<div class=\"elementor-element elementor-element-322977b exad-sticky-section-no exad-glass-effect-no elementor-widget elementor-widget-Appointment Hour Booking\" data-id=\"322977b\" data-element_type=\"widget\" data-e-type=\"widget\" data-widget_type=\"Appointment Hour Booking.default\">\n\t\t\t\t<div class=\"elementor-widget-container\">\n\t\t\t\t\t<link rel='stylesheet' media=\"all\" href=\"https:\/\/acticade.eu\/wp-content\/plugins\/appointment-hour-booking\/templates\/09\/style.css\" type=\"text\/css\" \/><form class=\"cpp_form no-prefetch\" name=\"cp_appbooking_pform_1\" id=\"cp_appbooking_pform_1\" action=\"\" method=\"post\" enctype=\"multipart\/form-data\" onsubmit=\"return cp_appbooking_pform_doValidate_1(this);\"><input type=\"hidden\" name=\"cp_pform_psequence\" value=\"_1\" \/><input type=\"hidden\" name=\"cp_appbooking_pform_process\" value=\"1\" \/><input type=\"hidden\" name=\"cp_appbooking_id\" value=\"1\" \/><input type=\"hidden\" name=\"cp_ref_page\" value=\"\" \/><input type=\"hidden\" name=\"form_structure_1\" id=\"form_structure_1\" size=\"180\" value=\"[[{&quot;form_identifier&quot;:&quot;&quot;,&quot;name&quot;:&quot;fieldname1&quot;,&quot;shortlabel&quot;:&quot;&quot;,&quot;index&quot;:0,&quot;ftype&quot;:&quot;fapp&quot;,&quot;userhelp&quot;:&quot;&quot;,&quot;userhelpTooltip&quot;:&quot;&quot;,&quot;csslayout&quot;:&quot;&quot;,&quot;title&quot;:&quot;Palun vali \\u00f5ige personaaltreening vastavalt soetatud paketile | Please choose the right personal training according to your purchased package.&quot;,&quot;services&quot;:[{&quot;name&quot;:&quot;1x personaaltund | Private Single Drop-in Session&quot;,&quot;price&quot;:80,&quot;capacity&quot;:1,&quot;duration&quot;:&quot;50&quot;,&quot;pb&quot;:0,&quot;pa&quot;:10,&quot;ohindex&quot;:0,&quot;idx&quot;:1},{&quot;name&quot;:&quot;Personaaltunni korrakaart | Private Pack Session&quot;,&quot;price&quot;:72,&quot;capacity&quot;:1,&quot;duration&quot;:&quot;50&quot;,&quot;pb&quot;:0,&quot;pa&quot;:10,&quot;ohindex&quot;:0,&quot;idx&quot;:14},{&quot;name&quot;:&quot;Liikmelisus | Membership Session&quot;,&quot;price&quot;:0,&quot;capacity&quot;:1,&quot;duration&quot;:&quot;50&quot;,&quot;pb&quot;:0,&quot;pa&quot;:10,&quot;ohindex&quot;:0,&quot;idx&quot;:15}],&quot;openhours&quot;:[],&quot;allOH&quot;:[{&quot;name&quot;:&quot;Default&quot;,&quot;openhours&quot;:[{&quot;type&quot;:&quot;d5&quot;,&quot;d&quot;:&quot;&quot;,&quot;h1&quot;:&quot;14&quot;,&quot;m1&quot;:&quot;0&quot;,&quot;h2&quot;:&quot;19&quot;,&quot;m2&quot;:&quot;0&quot;},{&quot;type&quot;:&quot;d1&quot;,&quot;d&quot;:&quot;&quot;,&quot;h1&quot;:&quot;16&quot;,&quot;m1&quot;:&quot;0&quot;,&quot;h2&quot;:&quot;20&quot;,&quot;m2&quot;:&quot;0&quot;},{&quot;type&quot;:&quot;d2&quot;,&quot;d&quot;:&quot;&quot;,&quot;h1&quot;:&quot;15&quot;,&quot;m1&quot;:&quot;0&quot;,&quot;h2&quot;:&quot;20&quot;,&quot;m2&quot;:&quot;0&quot;},{&quot;type&quot;:&quot;d3&quot;,&quot;d&quot;:&quot;&quot;,&quot;h1&quot;:&quot;16&quot;,&quot;m1&quot;:&quot;0&quot;,&quot;h2&quot;:&quot;20&quot;,&quot;m2&quot;:&quot;0&quot;},{&quot;type&quot;:&quot;d4&quot;,&quot;d&quot;:&quot;&quot;,&quot;h1&quot;:&quot;16&quot;,&quot;m1&quot;:&quot;0&quot;,&quot;h2&quot;:&quot;20&quot;,&quot;m2&quot;:&quot;0&quot;}]}],&quot;dateFormat&quot;:&quot;dd.mm.yy&quot;,&quot;showDropdown&quot;:false,&quot;showTotalCost&quot;:false,&quot;showTotalCostFormat&quot;:&quot;{0} \\u20ac&quot;,&quot;showEndTime&quot;:true,&quot;showQuantity&quot;:false,&quot;usedSlotsCheckbox&quot;:true,&quot;avoidOverlaping&quot;:true,&quot;emptySelectCheckbox&quot;:true,&quot;emptySelect&quot;:&quot;-- Palun vali treening --&quot;,&quot;dropdownRange&quot;:&quot;-10:+10&quot;,&quot;working_dates&quot;:[false,true,true,true,true,true,false],&quot;numberOfMonths&quot;:1,&quot;maxNumberOfApp&quot;:&quot;0&quot;,&quot;firstDay&quot;:&quot;1&quot;,&quot;minDate&quot;:&quot;0&quot;,&quot;maxDate&quot;:&quot;&quot;,&quot;defaultDate&quot;:&quot;&quot;,&quot;invalidDates&quot;:&quot;12\\\/23\\\/2024-12\\\/26\\\/2024, 12\\\/31\\\/2024, 01\\\/01\\\/2025, 01\\\/06\\\/2025-01\\\/06\\\/2026&quot;,&quot;tmpinvalidDates&quot;:[{},{},{},{},{},{},{},{},{},{},{},{},{},{},{},{},{},{},{},{},{},{},{},{},{},{},{},{},{},{},{},{},{},{},{},{},{},{},{},{},{},{},{},{},{},{},{},{},{},{},{},{},{},{},{},{},{},{},{},{},{},{},{},{},{},{},{},{},{},{},{},{},{},{},{},{},{},{},{},{},{},{},{},{},{},{},{},{},{},{},{},{},{},{},{},{},{},{},{},{},{},{},{},{},{},{},{},{},{},{},{},{},{},{},{},{},{},{},{},{},{},{},{},{},{},{},{},{},{},{},{},{},{},{},{},{},{},{},{},{},{},{},{},{},{},{},{},{},{},{},{},{},{},{},{},{},{},{},{},{},{},{},{},{},{},{},{},{},{},{},{},{},{},{},{},{},{},{},{},{},{},{},{},{},{},{},{},{},{},{},{},{},{},{},{},{},{},{},{},{},{},{},{},{},{},{},{},{},{},{},{},{},{},{},{},{},{},{},{},{},{},{},{},{},{},{},{},{},{},{},{},{},{},{},{},{},{},{},{},{},{},{},{},{},{},{},{},{},{},{},{},{},{},{},{},{},{},{},{},{},{},{},{},{},{},{},{},{},{},{},{},{},{},{},{},{},{},{},{},{},{},{},{},{},{},{},{},{},{},{},{},{},{},{},{},{},{},{},{},{},{},{},{},{},{},{},{},{},{},{},{},{},{},{},{},{},{},{},{},{},{},{},{},{},{},{},{},{},{},{},{},{},{},{},{},{},{},{},{},{},{},{},{},{},{},{},{},{},{},{},{},{},{},{},{},{},{},{},{},{},{},{},{},{},{},{},{},{},{},{},{},{}],&quot;required&quot;:true,&quot;bSlotsCheckbox&quot;:true,&quot;bSlots&quot;:30,&quot;militaryTime&quot;:1,&quot;autonum&quot;:16,&quot;autonumStaff&quot;:0,&quot;fBuild&quot;:{},&quot;special_days&quot;:[],&quot;minDateTmp&quot;:&quot;0&quot;,&quot;getMinDate&quot;:{},&quot;tmpinvalidDatestime&quot;:[1734904800000,1734991200000,1735077600000,1735164000000,1735596000000,1735682400000,1736114400000,1736200800000,1736287200000,1736373600000,1736460000000,1736546400000,1736632800000,1736719200000,1736805600000,1736892000000,1736978400000,1737064800000,1737151200000,1737237600000,1737324000000,1737410400000,1737496800000,1737583200000,1737669600000,1737756000000,1737842400000,1737928800000,1738015200000,1738101600000,1738188000000,1738274400000,1738360800000,1738447200000,1738533600000,1738620000000,1738706400000,1738792800000,1738879200000,1738965600000,1739052000000,1739138400000,1739224800000,1739311200000,1739397600000,1739484000000,1739570400000,1739656800000,1739743200000,1739829600000,1739916000000,1740002400000,1740088800000,1740175200000,1740261600000,1740348000000,1740434400000,1740520800000,1740607200000,1740693600000,1740780000000,1740866400000,1740952800000,1741039200000,1741125600000,1741212000000,1741298400000,1741384800000,1741471200000,1741557600000,1741644000000,1741730400000,1741816800000,1741903200000,1741989600000,1742076000000,1742162400000,1742248800000,1742335200000,1742421600000,1742508000000,1742594400000,1742680800000,1742767200000,1742853600000,1742940000000,1743026400000,1743112800000,1743199200000,1743285600000,1743368400000,1743454800000,1743541200000,1743627600000,1743714000000,1743800400000,1743886800000,1743973200000,1744059600000,1744146000000,1744232400000,1744318800000,1744405200000,1744491600000,1744578000000,1744664400000,1744750800000,1744837200000,1744923600000,1745010000000,1745096400000,1745182800000,1745269200000,1745355600000,1745442000000,1745528400000,1745614800000,1745701200000,1745787600000,1745874000000,1745960400000,1746046800000,1746133200000,1746219600000,1746306000000,1746392400000,1746478800000,1746565200000,1746651600000,1746738000000,1746824400000,1746910800000,1746997200000,1747083600000,1747170000000,1747256400000,1747342800000,1747429200000,1747515600000,1747602000000,1747688400000,1747774800000,1747861200000,1747947600000,1748034000000,1748120400000,1748206800000,1748293200000,1748379600000,1748466000000,1748552400000,1748638800000,1748725200000,1748811600000,1748898000000,1748984400000,1749070800000,1749157200000,1749243600000,1749330000000,1749416400000,1749502800000,1749589200000,1749675600000,1749762000000,1749848400000,1749934800000,1750021200000,1750107600000,1750194000000,1750280400000,1750366800000,1750453200000,1750539600000,1750626000000,1750712400000,1750798800000,1750885200000,1750971600000,1751058000000,1751144400000,1751230800000,1751317200000,1751403600000,1751490000000,1751576400000,1751662800000,1751749200000,1751835600000,1751922000000,1752008400000,1752094800000,1752181200000,1752267600000,1752354000000,1752440400000,1752526800000,1752613200000,1752699600000,1752786000000,1752872400000,1752958800000,1753045200000,1753131600000,1753218000000,1753304400000,1753390800000,1753477200000,1753563600000,1753650000000,1753736400000,1753822800000,1753909200000,1753995600000,1754082000000,1754168400000,1754254800000,1754341200000,1754427600000,1754514000000,1754600400000,1754686800000,1754773200000,1754859600000,1754946000000,1755032400000,1755118800000,1755205200000,1755291600000,1755378000000,1755464400000,1755550800000,1755637200000,1755723600000,1755810000000,1755896400000,1755982800000,1756069200000,1756155600000,1756242000000,1756328400000,1756414800000,1756501200000,1756587600000,1756674000000,1756760400000,1756846800000,1756933200000,1757019600000,1757106000000,1757192400000,1757278800000,1757365200000,1757451600000,1757538000000,1757624400000,1757710800000,1757797200000,1757883600000,1757970000000,1758056400000,1758142800000,1758229200000,1758315600000,1758402000000,1758488400000,1758574800000,1758661200000,1758747600000,1758834000000,1758920400000,1759006800000,1759093200000,1759179600000,1759266000000,1759352400000,1759438800000,1759525200000,1759611600000,1759698000000,1759784400000,1759870800000,1759957200000,1760043600000,1760130000000,1760216400000,1760302800000,1760389200000,1760475600000,1760562000000,1760648400000,1760734800000,1760821200000,1760907600000,1760994000000,1761080400000,1761166800000,1761253200000,1761339600000,1761426000000,1761516000000,1761602400000,1761688800000,1761775200000,1761861600000,1761948000000,1762034400000,1762120800000,1762207200000,1762293600000,1762380000000,1762466400000,1762552800000,1762639200000,1762725600000,1762812000000,1762898400000,1762984800000,1763071200000,1763157600000,1763244000000,1763330400000,1763416800000,1763503200000,1763589600000,1763676000000,1763762400000,1763848800000,1763935200000,1764021600000,1764108000000,1764194400000,1764280800000,1764367200000,1764453600000,1764540000000,1764626400000,1764712800000,1764799200000,1764885600000,1764972000000,1765058400000,1765144800000,1765231200000,1765317600000,1765404000000,1765490400000,1765576800000,1765663200000,1765749600000,1765836000000,1765922400000,1766008800000,1766095200000,1766181600000,1766268000000,1766354400000,1766440800000,1766527200000,1766613600000,1766700000000,1766786400000,1766872800000,1766959200000,1767045600000,1767132000000,1767218400000,1767304800000,1767391200000,1767477600000,1767564000000,1767650400000]},{&quot;form_identifier&quot;:&quot;&quot;,&quot;name&quot;:&quot;fieldname4&quot;,&quot;shortlabel&quot;:&quot;&quot;,&quot;index&quot;:1,&quot;ftype&quot;:&quot;ftext&quot;,&quot;userhelp&quot;:&quot;Soovi korral t\\u00e4psusta, millist treeningut soovid v\\u00f5i sisesta promokood.&quot;,&quot;userhelpTooltip&quot;:&quot;&quot;,&quot;csslayout&quot;:&quot;&quot;,&quot;title&quot;:&quot;Selgitus \\\/ Promokood&quot;,&quot;predefined&quot;:&quot;&quot;,&quot;predefinedClick&quot;:false,&quot;required&quot;:false,&quot;size&quot;:&quot;medium&quot;,&quot;minlength&quot;:&quot;&quot;,&quot;maxlength&quot;:&quot;&quot;,&quot;equalTo&quot;:&quot;&quot;,&quot;fBuild&quot;:{}},{&quot;form_identifier&quot;:&quot;&quot;,&quot;name&quot;:&quot;email&quot;,&quot;shortlabel&quot;:&quot;&quot;,&quot;index&quot;:2,&quot;ftype&quot;:&quot;femail&quot;,&quot;userhelp&quot;:&quot;&quot;,&quot;userhelpTooltip&quot;:&quot;&quot;,&quot;csslayout&quot;:&quot;&quot;,&quot;title&quot;:&quot;Email&quot;,&quot;predefined&quot;:&quot;&quot;,&quot;predefinedClick&quot;:false,&quot;required&quot;:true,&quot;size&quot;:&quot;medium&quot;,&quot;equalTo&quot;:&quot;&quot;,&quot;fBuild&quot;:{}},{&quot;form_identifier&quot;:&quot;&quot;,&quot;name&quot;:&quot;fieldname2&quot;,&quot;shortlabel&quot;:&quot;&quot;,&quot;index&quot;:3,&quot;ftype&quot;:&quot;ftext&quot;,&quot;userhelp&quot;:&quot;&quot;,&quot;userhelpTooltip&quot;:&quot;&quot;,&quot;csslayout&quot;:&quot;&quot;,&quot;title&quot;:&quot;Telefon&quot;,&quot;predefined&quot;:&quot;&quot;,&quot;predefinedClick&quot;:false,&quot;required&quot;:true,&quot;size&quot;:&quot;medium&quot;,&quot;minlength&quot;:&quot;7&quot;,&quot;maxlength&quot;:&quot;15&quot;,&quot;equalTo&quot;:&quot;&quot;,&quot;fBuild&quot;:{}},{&quot;form_identifier&quot;:&quot;&quot;,&quot;name&quot;:&quot;fieldname3&quot;,&quot;shortlabel&quot;:&quot;&quot;,&quot;index&quot;:4,&quot;ftype&quot;:&quot;facceptance&quot;,&quot;userhelp&quot;:&quot;&quot;,&quot;userhelpTooltip&quot;:&quot;&quot;,&quot;csslayout&quot;:&quot;&quot;,&quot;title&quot;:&quot;N\\u00f5ustun tingimustega \\\/ Accept terms and conditions&quot;,&quot;value&quot;:&quot;I accept&quot;,&quot;url&quot;:&quot;https:\\\/\\\/acticade.eu\\\/tingimused\\\/&quot;,&quot;message&quot;:&quot;&quot;,&quot;required&quot;:true,&quot;fBuild&quot;:{}}],[{&quot;title&quot;:&quot;&quot;,&quot;description&quot;:&quot;&quot;,&quot;formlayout&quot;:&quot;top_aligned&quot;,&quot;formtemplate&quot;:&quot;ahb_m3&quot;,&quot;evalequations&quot;:1,&quot;autocomplete&quot;:1,&quot;autofocus&quot;:false}]]\" \/><input type=\"hidden\" name=\"refpage_1\" id=\"refpage_1\" value=\"\"><input type=\"hidden\" name=\"cp_appbooking_pform_status\" value=\"0\" \/><input name=\"anonce\" type=\"hidden\" value=\"c79aaa84bd\"\/>\r\n<div id=\"fbuilder\">\r\n    <div id=\"fbuilder_1\">\r\n        <div id=\"formheader_1\"><\/div>\r\n        <div id=\"fieldlist_1\"><\/div>\r\n    <\/div>\r\n<\/div>\r\n<div style=\"display:none\">\r\n<div id=\"cpcaptchalayer_1\" class=\"cpcaptchalayer\">\r\n <div class=\"fields\" id=\"field-c0\" style=\"display:none\">\r\n    <label><\/label>\r\n    <div class=\"dfield\"><!--addons-payment-options--><\/div>\r\n    <div class=\"clearer\"><\/div>\r\n <\/div>\r\n<!-- rcadon -->\r\n<\/div>\r\n<\/div>\r\n<div id=\"cp_subbtn_1\" class=\"cp_subbtn\">BRONEERI<\/div>\r\n<div style=\"clear:both;\"><\/div>\r\n<\/form>\r\n\t\t\t\t<\/div>\n\t\t\t\t<\/div>\n\t\t\t\t\t<\/div>\n\t\t<\/div>\n\t\t\t\t\t<\/div>\n\t\t<\/section>\n\t\t\t\t<\/div>\n\t\t","protected":false},"excerpt":{"rendered":"<p>Personaalne Pilatese kogemus: broneeri aeg Acticade&#8217;is Broneeri oma tund ja astu samm t\u00e4isv\u00e4\u00e4rtuslikuma elu suunas Tere tulemast Acticade&#8217;i, kus iga [&hellip;]<\/p>\n","protected":false},"author":1,"featured_media":0,"parent":0,"menu_order":0,"comment_status":"closed","ping_status":"closed","template":"","meta":{"site-sidebar-layout":"no-sidebar","site-content-layout":"page-builder","ast-site-content-layout":"full-width-container","site-content-style":"unboxed","site-sidebar-style":"unboxed","ast-global-header-display":"","ast-banner-title-visibility":"","ast-main-header-display":"","ast-hfb-above-header-display":"","ast-hfb-below-header-display":"","ast-hfb-mobile-header-display":"","site-post-title":"disabled","ast-breadcrumbs-content":"","ast-featured-img":"disabled","footer-sml-layout":"","ast-disable-related-posts":"","theme-transparent-header-meta":"enabled","adv-header-id-meta":"","stick-header-meta":"","header-above-stick-meta":"","header-main-stick-meta":"","header-below-stick-meta":"","astra-migrate-meta-layouts":"set","ast-page-background-enabled":"default","ast-page-background-meta":{"desktop":{"background-color":"","background-image":"","background-repeat":"repeat","background-position":"center center","background-size":"auto","background-attachment":"scroll","background-type":"","background-media":"","overlay-type":"","overlay-color":"","overlay-opacity":"","overlay-gradient":""},"tablet":{"background-color":"","background-image":"","background-repeat":"repeat","background-position":"center center","background-size":"auto","background-attachment":"scroll","background-type":"","background-media":"","overlay-type":"","overlay-color":"","overlay-opacity":"","overlay-gradient":""},"mobile":{"background-color":"","background-image":"","background-repeat":"repeat","background-position":"center center","background-size":"auto","background-attachment":"scroll","background-type":"","background-media":"","overlay-type":"","overlay-color":"","overlay-opacity":"","overlay-gradient":""}},"ast-content-background-meta":{"desktop":{"background-color":"var(--ast-global-color-5)","background-image":"","background-repeat":"repeat","background-position":"center center","background-size":"auto","background-attachment":"scroll","background-type":"","background-media":"","overlay-type":"","overlay-color":"","overlay-opacity":"","overlay-gradient":""},"tablet":{"background-color":"var(--ast-global-color-5)","background-image":"","background-repeat":"repeat","background-position":"center center","background-size":"auto","background-attachment":"scroll","background-type":"","background-media":"","overlay-type":"","overlay-color":"","overlay-opacity":"","overlay-gradient":""},"mobile":{"background-color":"var(--ast-global-color-5)","background-image":"","background-repeat":"repeat","background-position":"center center","background-size":"auto","background-attachment":"scroll","background-type":"","background-media":"","overlay-type":"","overlay-color":"","overlay-opacity":"","overlay-gradient":""}},"footnotes":""},"class_list":["post-374","page","type-page","status-publish","hentry"],"_links":{"self":[{"href":"https:\/\/acticade.eu\/en\/wp-json\/wp\/v2\/pages\/374","targetHints":{"allow":["GET"]}}],"collection":[{"href":"https:\/\/acticade.eu\/en\/wp-json\/wp\/v2\/pages"}],"about":[{"href":"https:\/\/acticade.eu\/en\/wp-json\/wp\/v2\/types\/page"}],"author":[{"embeddable":true,"href":"https:\/\/acticade.eu\/en\/wp-json\/wp\/v2\/users\/1"}],"replies":[{"embeddable":true,"href":"https:\/\/acticade.eu\/en\/wp-json\/wp\/v2\/comments?post=374"}],"version-history":[{"count":5,"href":"https:\/\/acticade.eu\/en\/wp-json\/wp\/v2\/pages\/374\/revisions"}],"predecessor-version":[{"id":5539,"href":"https:\/\/acticade.eu\/en\/wp-json\/wp\/v2\/pages\/374\/revisions\/5539"}],"wp:attachment":[{"href":"https:\/\/acticade.eu\/en\/wp-json\/wp\/v2\/media?parent=374"}],"curies":[{"name":"wp","href":"https:\/\/api.w.org\/{rel}","templated":true}]}}